{"id":2,"date":"2023-04-17T21:29:54","date_gmt":"2023-04-17T21:29:54","guid":{"rendered":"http:\/\/box5377\/cgi\/addon_GT.cgi?s=GT::WP::Install::EIG+%28lizabgj9%29+-+127.0.0.1+%5Bnocaller%5D\/?page_id=2"},"modified":"2025-12-12T14:13:11","modified_gmt":"2025-12-12T14:13:11","slug":"sample-page","status":"publish","type":"page","link":"https:\/\/elizabetebakery.com\/pt\/","title":{"rendered":"Home"},"content":{"rendered":"<div data-elementor-type=\"wp-page\" data-elementor-id=\"2\" class=\"elementor elementor-2\">\n\t\t\t\t<div class=\"elementor-element elementor-element-b508746 e-flex e-con-boxed e-con e-parent\" data-id=\"b508746\" data-element_type=\"container\" data-e-type=\"container\" data-settings=\"{&quot;background_background&quot;:&quot;video&quot;,&quot;background_video_link&quot;:&quot;https:\\\/\\\/elizabetebakery.com\\\/wp-content\\\/uploads\\\/2025\\\/12\\\/Elizabete-videoWeb.webm&quot;,&quot;background_play_on_mobile&quot;:&quot;yes&quot;,&quot;background_privacy_mode&quot;:&quot;yes&quot;}\">\n\t\t\t\t\t<div class=\"e-con-inner\">\n\t\t<div class=\"elementor-background-video-container\">\n\t\t\t\t\t\t\t<video class=\"elementor-background-video-hosted\" role=\"presentation\" autoplay muted playsinline loop><\/video>\n\t\t\t\t\t<\/div>\t\t<div class=\"elementor-element elementor-element-1c8d221 elementor-widget elementor-widget-spacer\" data-id=\"1c8d221\" data-element_type=\"widget\" data-e-type=\"widget\" data-widget_type=\"spacer.default\">\n\t\t\t\t<div class=\"elementor-widget-container\">\n\t\t\t\t\t\t\t<div class=\"elementor-spacer\">\n\t\t\t<div class=\"elementor-spacer-inner\"><\/div>\n\t\t<\/div>\n\t\t\t\t\t\t<\/div>\n\t\t\t\t<\/div>\n\t\t\t\t\t<\/div>\n\t\t\t\t<\/div>\n\t\t<div class=\"elementor-element elementor-element-c1506f0 e-con-full e-flex e-con e-parent\" data-id=\"c1506f0\" data-element_type=\"container\" data-e-type=\"container\" data-settings=\"{&quot;background_background&quot;:&quot;classic&quot;}\">\n\t\t\t\t<div class=\"elementor-element elementor-element-7145ccb elementor-widget elementor-widget-spacer\" data-id=\"7145ccb\" data-element_type=\"widget\" data-e-type=\"widget\" data-widget_type=\"spacer.default\">\n\t\t\t\t<div class=\"elementor-widget-container\">\n\t\t\t\t\t\t\t<div class=\"elementor-spacer\">\n\t\t\t<div class=\"elementor-spacer-inner\"><\/div>\n\t\t<\/div>\n\t\t\t\t\t\t<\/div>\n\t\t\t\t<\/div>\n\t\t\t\t<\/div>\n\t\t<div class=\"elementor-element elementor-element-cb24058 e-con-full e-flex e-con e-parent\" data-id=\"cb24058\" data-element_type=\"container\" data-e-type=\"container\" data-settings=\"{&quot;background_background&quot;:&quot;classic&quot;}\">\n\t\t\t\t<div class=\"elementor-element elementor-element-38ad721 elementor-widget elementor-widget-image\" data-id=\"38ad721\" data-element_type=\"widget\" data-e-type=\"widget\" data-widget_type=\"image.default\">\n\t\t\t\t<div class=\"elementor-widget-container\">\n\t\t\t\t\t\t\t\t\t\t\t\t\t\t\t<img data-recalc-dims=\"1\" decoding=\"async\" src=\"https:\/\/i0.wp.com\/elizabetebakery.com\/wp-content\/uploads\/elementor\/thumbs\/ornaments-qdm4fkx7lhlu4ejzoxtqe0u6492oz5jvdhxin149a0.png?w=800&#038;ssl=1\" title=\"ornaments\" alt=\"ornaments\" loading=\"lazy\" \/>\t\t\t\t\t\t\t\t\t\t\t\t\t\t\t<\/div>\n\t\t\t\t<\/div>\n\t\t\t\t<\/div>\n\t\t<div class=\"elementor-element elementor-element-4d3f238 e-flex e-con-boxed e-con e-parent\" data-id=\"4d3f238\" data-element_type=\"container\" data-e-type=\"container\" data-settings=\"{&quot;background_background&quot;:&quot;classic&quot;}\">\n\t\t\t\t\t<div class=\"e-con-inner\">\n\t\t\t\t<div class=\"elementor-element elementor-element-aba54a2 elementor-widget elementor-widget-spacer\" data-id=\"aba54a2\" data-element_type=\"widget\" data-e-type=\"widget\" data-widget_type=\"spacer.default\">\n\t\t\t\t<div class=\"elementor-widget-container\">\n\t\t\t\t\t\t\t<div class=\"elementor-spacer\">\n\t\t\t<div class=\"elementor-spacer-inner\"><\/div>\n\t\t<\/div>\n\t\t\t\t\t\t<\/div>\n\t\t\t\t<\/div>\n\t\t<div class=\"elementor-element elementor-element-550c2e7 e-flex e-con-boxed e-con e-child\" data-id=\"550c2e7\" data-element_type=\"container\" data-e-type=\"container\">\n\t\t\t\t\t<div class=\"e-con-inner\">\n\t\t<div class=\"elementor-element elementor-element-4da4f7c e-grid e-con-boxed elementor-invisible e-con e-child\" data-id=\"4da4f7c\" data-element_type=\"container\" data-e-type=\"container\" data-settings=\"{&quot;animation&quot;:&quot;fadeInUp&quot;}\">\n\t\t\t\t\t<div class=\"e-con-inner\">\n\t\t\t\t<div class=\"elementor-element elementor-element-27e551d elementor-widget elementor-widget-text-editor\" data-id=\"27e551d\" data-element_type=\"widget\" data-e-type=\"widget\" data-widget_type=\"text-editor.default\">\n\t\t\t\t<div class=\"elementor-widget-container\">\n\t\t\t\t\t\t\t\t\t<p>Descubra o cerne do nosso conceito: nossa ampla variedade de p\u00e3es artesanais integrais, conhecidos por sua frescura \u00fanica e aroma requintado, cozidos com cuidado e expertise.<\/p>\t\t\t\t\t\t\t\t<\/div>\n\t\t\t\t<\/div>\n\t\t\t\t<div class=\"elementor-element elementor-element-88140c4 elementor-widget elementor-widget-image\" data-id=\"88140c4\" data-element_type=\"widget\" data-e-type=\"widget\" data-widget_type=\"image.default\">\n\t\t\t\t<div class=\"elementor-widget-container\">\n\t\t\t\t\t\t\t\t\t\t\t\t\t\t\t<img data-recalc-dims=\"1\" decoding=\"async\" src=\"https:\/\/i0.wp.com\/elizabetebakery.com\/wp-content\/uploads\/elementor\/thumbs\/pan-qdmg7qlesz0qb79dzmetmglkw67us1nxz6vnvi614m.png?w=800&#038;ssl=1\" title=\"pan\" alt=\"pan\" loading=\"lazy\" \/>\t\t\t\t\t\t\t\t\t\t\t\t\t\t\t<\/div>\n\t\t\t\t<\/div>\n\t\t\t\t\t<\/div>\n\t\t\t\t<\/div>\n\t\t\t\t\t<\/div>\n\t\t\t\t<\/div>\n\t\t\t\t\t<\/div>\n\t\t\t\t<\/div>\n\t\t<div class=\"elementor-element elementor-element-0bd33f6 e-flex e-con-boxed e-con e-parent\" data-id=\"0bd33f6\" data-element_type=\"container\" data-e-type=\"container\" data-settings=\"{&quot;background_background&quot;:&quot;classic&quot;}\">\n\t\t\t\t\t<div class=\"e-con-inner\">\n\t\t<div class=\"elementor-element elementor-element-8ee72b4 e-con-full e-flex e-con e-child\" data-id=\"8ee72b4\" data-element_type=\"container\" data-e-type=\"container\" data-settings=\"{&quot;background_background&quot;:&quot;classic&quot;}\">\n\t\t\t\t<div class=\"elementor-element elementor-element-7e4d105 elementor-widget elementor-widget-text-editor\" data-id=\"7e4d105\" data-element_type=\"widget\" data-e-type=\"widget\" data-widget_type=\"text-editor.default\">\n\t\t\t\t<div class=\"elementor-widget-container\">\n\t\t\t\t\t\t\t\t\t<p>Uvas + \u00c1gua + Farinha<\/p>\t\t\t\t\t\t\t\t<\/div>\n\t\t\t\t<\/div>\n\t\t\t\t<div class=\"elementor-element elementor-element-fbc2dae elementor-widget elementor-widget-text-editor\" data-id=\"fbc2dae\" data-element_type=\"widget\" data-e-type=\"widget\" data-widget_type=\"text-editor.default\">\n\t\t\t\t<div class=\"elementor-widget-container\">\n\t\t\t\t\t\t\t\t\t<p>A combina\u00e7\u00e3o desses tr\u00eas elementos resulta no nascimento do <br>Nossa massa-m\u00e3e.<\/p>\t\t\t\t\t\t\t\t<\/div>\n\t\t\t\t<\/div>\n\t\t\t\t<\/div>\n\t\t<div class=\"elementor-element elementor-element-469d48e e-con-full e-flex e-con e-child\" data-id=\"469d48e\" data-element_type=\"container\" data-e-type=\"container\" data-settings=\"{&quot;background_background&quot;:&quot;classic&quot;}\">\n\t\t\t\t<div class=\"elementor-element elementor-element-8496241 elementor-widget elementor-widget-image\" data-id=\"8496241\" data-element_type=\"widget\" data-e-type=\"widget\" data-widget_type=\"image.default\">\n\t\t\t\t<div class=\"elementor-widget-container\">\n\t\t\t\t\t\t\t\t\t\t\t\t\t\t\t<img data-recalc-dims=\"1\" decoding=\"async\" src=\"https:\/\/i0.wp.com\/elizabetebakery.com\/wp-content\/uploads\/elementor\/thumbs\/flor2-qdnw7vp4ow1q90ebur8ucvr9boaqezpm4h7kuf7m1s.png?w=800&#038;ssl=1\" title=\"flor2\" alt=\"flor2\" loading=\"lazy\" \/>\t\t\t\t\t\t\t\t\t\t\t\t\t\t\t<\/div>\n\t\t\t\t<\/div>\n\t\t\t\t<\/div>\n\t\t<div class=\"elementor-element elementor-element-dd720d5 e-con-full e-flex e-con e-child\" data-id=\"dd720d5\" data-element_type=\"container\" data-e-type=\"container\">\n\t\t\t\t<div class=\"elementor-element elementor-element-8bb8879 elementor-widget elementor-widget-image\" data-id=\"8bb8879\" data-element_type=\"widget\" data-e-type=\"widget\" data-widget_type=\"image.default\">\n\t\t\t\t<div class=\"elementor-widget-container\">\n\t\t\t\t\t\t\t\t\t\t\t\t\t\t\t<img decoding=\"async\" src=\"https:\/\/i0.wp.com\/elizabetebakery.com\/wp-content\/uploads\/2024\/02\/logo-beige.png?fit=800%2C341&#038;ssl=1\" title=\"logo-beige\" alt=\"logo-beige\" loading=\"lazy\" \/>\t\t\t\t\t\t\t\t\t\t\t\t\t\t\t<\/div>\n\t\t\t\t<\/div>\n\t\t\t\t<\/div>\n\t\t\t\t\t<\/div>\n\t\t\t\t<\/div>\n\t\t<div class=\"elementor-element elementor-element-9e94e51 e-flex e-con-boxed e-con e-parent\" data-id=\"9e94e51\" data-element_type=\"container\" data-e-type=\"container\">\n\t\t\t\t\t<div class=\"e-con-inner\">\n\t\t<div class=\"elementor-element elementor-element-f10a53d e-con-full e-flex e-con e-child\" data-id=\"f10a53d\" data-element_type=\"container\" data-e-type=\"container\">\n\t\t\t\t<div class=\"elementor-element elementor-element-1374c70 elementor-widget elementor-widget-image\" data-id=\"1374c70\" data-element_type=\"widget\" data-e-type=\"widget\" data-widget_type=\"image.default\">\n\t\t\t\t<div class=\"elementor-widget-container\">\n\t\t\t\t\t\t\t\t\t\t\t\t\t\t\t<img fetchpriority=\"high\" decoding=\"async\" width=\"634\" height=\"162\" src=\"https:\/\/i0.wp.com\/elizabetebakery.com\/wp-content\/uploads\/2024\/02\/titulo-cottage.jpg?fit=634%2C162&amp;ssl=1\" class=\"attachment-full size-full wp-image-1367\" alt=\"\" srcset=\"https:\/\/i0.wp.com\/elizabetebakery.com\/wp-content\/uploads\/2024\/02\/titulo-cottage.jpg?w=634&amp;ssl=1 634w, https:\/\/i0.wp.com\/elizabetebakery.com\/wp-content\/uploads\/2024\/02\/titulo-cottage.jpg?resize=300%2C77&amp;ssl=1 300w, https:\/\/i0.wp.com\/elizabetebakery.com\/wp-content\/uploads\/2024\/02\/titulo-cottage.jpg?resize=18%2C5&amp;ssl=1 18w\" sizes=\"(max-width: 634px) 100vw, 634px\" \/>\t\t\t\t\t\t\t\t\t\t\t\t\t\t\t<\/div>\n\t\t\t\t<\/div>\n\t\t\t\t<div class=\"elementor-element elementor-element-8986ff0 elementor-widget elementor-widget-text-editor\" data-id=\"8986ff0\" data-element_type=\"widget\" data-e-type=\"widget\" data-widget_type=\"text-editor.default\">\n\t\t\t\t<div class=\"elementor-widget-container\">\n\t\t\t\t\t\t\t\t\t<span lang=\"EN\">Trabalhando para oferecer \u00e0 nossa comunidade local em Parkland, Fl\u00f3rida, e \u00e1reas pr\u00f3ximas a oportunidade de provar produtos rec\u00e9m-assados.<\/span>\t\t\t\t\t\t\t\t<\/div>\n\t\t\t\t<\/div>\n\t\t\t\t<\/div>\n\t\t<div class=\"elementor-element elementor-element-e6eaf9f e-con-full e-flex e-con e-child\" data-id=\"e6eaf9f\" data-element_type=\"container\" data-e-type=\"container\">\n\t\t\t\t<div class=\"elementor-element elementor-element-273ddaf elementor-widget elementor-widget-image\" data-id=\"273ddaf\" data-element_type=\"widget\" data-e-type=\"widget\" data-widget_type=\"image.default\">\n\t\t\t\t<div class=\"elementor-widget-container\">\n\t\t\t\t\t\t\t\t\t\t\t\t\t\t\t<img decoding=\"async\" width=\"497\" height=\"497\" src=\"https:\/\/i0.wp.com\/elizabetebakery.com\/wp-content\/uploads\/2025\/12\/imagen-home.jpg?fit=497%2C497&amp;ssl=1\" class=\"attachment-large size-large wp-image-2431\" alt=\"\" \/>\t\t\t\t\t\t\t\t\t\t\t\t\t\t\t<\/div>\n\t\t\t\t<\/div>\n\t\t\t\t<\/div>\n\t\t\t\t\t<\/div>\n\t\t\t\t<\/div>\n\t\t\t\t<\/div>","protected":false},"excerpt":{"rendered":"<p>Discover our concept&#8217;s core: our diverse range of wholesome artisanal breads, known for their unique freshness and exquisite aroma, baked with care and expertise. Grapes + Water + Flour The combination of these three elements results in the birth of our sourdough starter. Bringing to our local community in Parkland Florida and nearby areas the [&hellip;]<\/p>\n","protected":false},"author":1,"featured_media":0,"parent":0,"menu_order":0,"comment_status":"closed","ping_status":"closed","template":"","meta":{"nf_dc_page":"","om_disable_all_campaigns":false,"_monsterinsights_skip_tracking":false,"_monsterinsights_sitenote_active":false,"_monsterinsights_sitenote_note":"","_monsterinsights_sitenote_category":0,"footnotes":""},"class_list":["post-2","page","type-page","status-publish","hentry"],"yoast_head":"<!-- This site is optimized with the Yoast SEO plugin v27.4 - https:\/\/yoast.com\/product\/yoast-seo-wordpress\/ -->\n<title>Home - Welcome<\/title>\n<meta name=\"robots\" content=\"index, follow, max-snippet:-1, max-image-preview:large, max-video-preview:-1\" \/>\n<link rel=\"canonical\" href=\"https:\/\/elizabetebakery.com\/pt\/\" \/>\n<meta property=\"og:locale\" content=\"pt_PT\" \/>\n<meta property=\"og:type\" content=\"article\" \/>\n<meta property=\"og:title\" content=\"Home - Welcome\" \/>\n<meta property=\"og:description\" content=\"Discover our concept&#8217;s core: our diverse range of wholesome artisanal breads, known for their unique freshness and exquisite aroma, baked with care and expertise. Grapes + Water + Flour The combination of these three elements results in the birth of our sourdough starter. Bringing to our local community in Parkland Florida and nearby areas the [&hellip;]\" \/>\n<meta property=\"og:url\" content=\"https:\/\/elizabetebakery.com\/pt\/\" \/>\n<meta property=\"og:site_name\" content=\"Welcome\" \/>\n<meta property=\"article:modified_time\" content=\"2025-12-12T14:13:11+00:00\" \/>\n<meta property=\"og:image\" content=\"https:\/\/elizabetebakery.com\/wp-content\/uploads\/elementor\/thumbs\/ornaments-qdm4fkx7lhlu4ejzoxtqe0u6492oz5jvdhxin149a0.png\" \/>\n<meta name=\"twitter:card\" content=\"summary_large_image\" \/>\n<meta name=\"twitter:label1\" content=\"Tempo estimado de leitura\" \/>\n\t<meta name=\"twitter:data1\" content=\"2 minutos\" \/>\n<script type=\"application\/ld+json\" class=\"yoast-schema-graph\">{\"@context\":\"https:\\\/\\\/schema.org\",\"@graph\":[{\"@type\":\"WebPage\",\"@id\":\"https:\\\/\\\/elizabetebakery.com\\\/\",\"url\":\"https:\\\/\\\/elizabetebakery.com\\\/\",\"name\":\"Home - Welcome\",\"isPartOf\":{\"@id\":\"http:\\\/\\\/box5377.temp.domains\\\/~lizabgj9\\\/#website\"},\"primaryImageOfPage\":{\"@id\":\"https:\\\/\\\/elizabetebakery.com\\\/#primaryimage\"},\"image\":{\"@id\":\"https:\\\/\\\/elizabetebakery.com\\\/#primaryimage\"},\"thumbnailUrl\":\"https:\\\/\\\/elizabetebakery.com\\\/wp-content\\\/uploads\\\/elementor\\\/thumbs\\\/ornaments-qdm4fkx7lhlu4ejzoxtqe0u6492oz5jvdhxin149a0.png\",\"datePublished\":\"2023-04-17T21:29:54+00:00\",\"dateModified\":\"2025-12-12T14:13:11+00:00\",\"breadcrumb\":{\"@id\":\"https:\\\/\\\/elizabetebakery.com\\\/#breadcrumb\"},\"inLanguage\":\"pt-PT\",\"potentialAction\":[{\"@type\":\"ReadAction\",\"target\":[\"https:\\\/\\\/elizabetebakery.com\\\/\"]}]},{\"@type\":\"ImageObject\",\"inLanguage\":\"pt-PT\",\"@id\":\"https:\\\/\\\/elizabetebakery.com\\\/#primaryimage\",\"url\":\"https:\\\/\\\/elizabetebakery.com\\\/wp-content\\\/uploads\\\/elementor\\\/thumbs\\\/ornaments-qdm4fkx7lhlu4ejzoxtqe0u6492oz5jvdhxin149a0.png\",\"contentUrl\":\"https:\\\/\\\/elizabetebakery.com\\\/wp-content\\\/uploads\\\/elementor\\\/thumbs\\\/ornaments-qdm4fkx7lhlu4ejzoxtqe0u6492oz5jvdhxin149a0.png\"},{\"@type\":\"BreadcrumbList\",\"@id\":\"https:\\\/\\\/elizabetebakery.com\\\/#breadcrumb\",\"itemListElement\":[{\"@type\":\"ListItem\",\"position\":1,\"name\":\"Home\",\"item\":\"https:\\\/\\\/elizabetebakery.com\\\/\"},{\"@type\":\"ListItem\",\"position\":2,\"name\":\"Home\"}]},{\"@type\":\"WebSite\",\"@id\":\"http:\\\/\\\/box5377.temp.domains\\\/~lizabgj9\\\/#website\",\"url\":\"http:\\\/\\\/box5377.temp.domains\\\/~lizabgj9\\\/\",\"name\":\"Welcome\",\"description\":\"\",\"potentialAction\":[{\"@type\":\"SearchAction\",\"target\":{\"@type\":\"EntryPoint\",\"urlTemplate\":\"http:\\\/\\\/box5377.temp.domains\\\/~lizabgj9\\\/?s={search_term_string}\"},\"query-input\":{\"@type\":\"PropertyValueSpecification\",\"valueRequired\":true,\"valueName\":\"search_term_string\"}}],\"inLanguage\":\"pt-PT\"}]}<\/script>\n<!-- \/ Yoast SEO plugin. -->","yoast_head_json":{"title":"Home - Welcome","robots":{"index":"index","follow":"follow","max-snippet":"max-snippet:-1","max-image-preview":"max-image-preview:large","max-video-preview":"max-video-preview:-1"},"canonical":"https:\/\/elizabetebakery.com\/pt\/","og_locale":"pt_PT","og_type":"article","og_title":"Home - Welcome","og_description":"Discover our concept&#8217;s core: our diverse range of wholesome artisanal breads, known for their unique freshness and exquisite aroma, baked with care and expertise. Grapes + Water + Flour The combination of these three elements results in the birth of our sourdough starter. Bringing to our local community in Parkland Florida and nearby areas the [&hellip;]","og_url":"https:\/\/elizabetebakery.com\/pt\/","og_site_name":"Welcome","article_modified_time":"2025-12-12T14:13:11+00:00","og_image":[{"url":"https:\/\/elizabetebakery.com\/wp-content\/uploads\/elementor\/thumbs\/ornaments-qdm4fkx7lhlu4ejzoxtqe0u6492oz5jvdhxin149a0.png","type":"","width":"","height":""}],"twitter_card":"summary_large_image","twitter_misc":{"Tempo estimado de leitura":"2 minutos"},"schema":{"@context":"https:\/\/schema.org","@graph":[{"@type":"WebPage","@id":"https:\/\/elizabetebakery.com\/","url":"https:\/\/elizabetebakery.com\/","name":"Home - Welcome","isPartOf":{"@id":"http:\/\/box5377.temp.domains\/~lizabgj9\/#website"},"primaryImageOfPage":{"@id":"https:\/\/elizabetebakery.com\/#primaryimage"},"image":{"@id":"https:\/\/elizabetebakery.com\/#primaryimage"},"thumbnailUrl":"https:\/\/elizabetebakery.com\/wp-content\/uploads\/elementor\/thumbs\/ornaments-qdm4fkx7lhlu4ejzoxtqe0u6492oz5jvdhxin149a0.png","datePublished":"2023-04-17T21:29:54+00:00","dateModified":"2025-12-12T14:13:11+00:00","breadcrumb":{"@id":"https:\/\/elizabetebakery.com\/#breadcrumb"},"inLanguage":"pt-PT","potentialAction":[{"@type":"ReadAction","target":["https:\/\/elizabetebakery.com\/"]}]},{"@type":"ImageObject","inLanguage":"pt-PT","@id":"https:\/\/elizabetebakery.com\/#primaryimage","url":"https:\/\/elizabetebakery.com\/wp-content\/uploads\/elementor\/thumbs\/ornaments-qdm4fkx7lhlu4ejzoxtqe0u6492oz5jvdhxin149a0.png","contentUrl":"https:\/\/elizabetebakery.com\/wp-content\/uploads\/elementor\/thumbs\/ornaments-qdm4fkx7lhlu4ejzoxtqe0u6492oz5jvdhxin149a0.png"},{"@type":"BreadcrumbList","@id":"https:\/\/elizabetebakery.com\/#breadcrumb","itemListElement":[{"@type":"ListItem","position":1,"name":"Home","item":"https:\/\/elizabetebakery.com\/"},{"@type":"ListItem","position":2,"name":"Home"}]},{"@type":"WebSite","@id":"http:\/\/box5377.temp.domains\/~lizabgj9\/#website","url":"http:\/\/box5377.temp.domains\/~lizabgj9\/","name":"Welcome","description":"","potentialAction":[{"@type":"SearchAction","target":{"@type":"EntryPoint","urlTemplate":"http:\/\/box5377.temp.domains\/~lizabgj9\/?s={search_term_string}"},"query-input":{"@type":"PropertyValueSpecification","valueRequired":true,"valueName":"search_term_string"}}],"inLanguage":"pt-PT"}]}},"_links":{"self":[{"href":"https:\/\/elizabetebakery.com\/pt\/wp-json\/wp\/v2\/pages\/2","targetHints":{"allow":["GET"]}}],"collection":[{"href":"https:\/\/elizabetebakery.com\/pt\/wp-json\/wp\/v2\/pages"}],"about":[{"href":"https:\/\/elizabetebakery.com\/pt\/wp-json\/wp\/v2\/types\/page"}],"author":[{"embeddable":true,"href":"https:\/\/elizabetebakery.com\/pt\/wp-json\/wp\/v2\/users\/1"}],"replies":[{"embeddable":true,"href":"https:\/\/elizabetebakery.com\/pt\/wp-json\/wp\/v2\/comments?post=2"}],"version-history":[{"count":20,"href":"https:\/\/elizabetebakery.com\/pt\/wp-json\/wp\/v2\/pages\/2\/revisions"}],"predecessor-version":[{"id":2437,"href":"https:\/\/elizabetebakery.com\/pt\/wp-json\/wp\/v2\/pages\/2\/revisions\/2437"}],"wp:attachment":[{"href":"https:\/\/elizabetebakery.com\/pt\/wp-json\/wp\/v2\/media?parent=2"}],"curies":[{"name":"wp","href":"https:\/\/api.w.org\/{rel}","templated":true}]}}